{"id":654,"date":"2013-05-26T14:39:22","date_gmt":"2013-05-26T12:39:22","guid":{"rendered":"http:\/\/collectifrennaispourlesanimaux.noblogs.org\/?page_id=654"},"modified":"2013-05-26T14:40:08","modified_gmt":"2013-05-26T12:40:08","slug":"astuces-pour-aider-des-animaux","status":"publish","type":"page","link":"https:\/\/collectifrennaispourlesanimaux.noblogs.org\/?page_id=654","title":{"rendered":"Astuces pour aider des animaux"},"content":{"rendered":"<p>Dans cette page, nous listons les moyens les plus \u00e9vidents de venir en aide aux animaux.<\/p>\n<ul>\n<li>Adopter \/ \u00eatre famille d\u2019accueil, soutenir des associations de protection animale (qui ont une ligne de conduite claire) : sur la bordure du blog, il y a des liens vers des associations\/refuges.<\/li>\n<li>\u00catre ouvert aux autres luttes car le cas des animaux n&rsquo;est pas isol\u00e9 de tout contexte.<\/li>\n<li>Si l&rsquo;occasion se pr\u00e9sente : parler des animaux et de la possibilit\u00e9 de ne plus les exploiter. Tenter de faire \u00e9voluer les modes de pens\u00e9e et la soci\u00e9t\u00e9 en elle-m\u00eame.<\/li>\n<li>S&rsquo;informer sur leurs besoins sp\u00e9cifiques<\/li>\n<li>Si il y a de la circulation sur une voie pi\u00e9tonne : les aider (escargots et vers de terre&#8230;) \u00e0 traverser et \u00e9viter de d\u00e9truire des lieux susceptibles d&rsquo;\u00eatre leur habitant.<\/li>\n<li>Num\u00e9ros utiles (animal perdu\/trouv\u00e9) : <a href=\"http:\/\/laterredabord.fr\/?p=4294\">http:\/\/laterredabord.fr\/?p=4294<\/a><\/li>\n<li>Aider les pigeons : <a href=\"http:\/\/laterredabord.fr\/?p=10960\">http:\/\/laterredabord.fr\/?p=10960<\/a><\/li>\n<li>Aider les h\u00e9rissons : <a href=\"http:\/\/laterredabord.fr\/?p=11209\">http:\/\/laterredabord.fr\/?p=11209<\/a><\/li>\n<\/ul>\n","protected":false},"excerpt":{"rendered":"<p>Dans cette page, nous listons les moyens les plus \u00e9vidents de venir en aide aux animaux. Adopter \/ \u00eatre famille d\u2019accueil, soutenir des associations de protection animale (qui ont une ligne de conduite claire) : sur la bordure du blog, &hellip; <a href=\"https:\/\/collectifrennaispourlesanimaux.noblogs.org\/?page_id=654\">Continuer la lecture <span class=\"meta-nav\">&rarr;<\/span><\/a><\/p>\n","protected":false},"author":5150,"featured_media":0,"parent":363,"menu_order":3,"comment_status":"open","ping_status":"open","template":"","meta":{"footnotes":""},"class_list":["post-654","page","type-page","status-publish","hentry"],"_links":{"self":[{"href":"https:\/\/collectifrennaispourlesanimaux.noblogs.org\/index.php?rest_route=\/wp\/v2\/pages\/654","targetHints":{"allow":["GET"]}}],"collection":[{"href":"https:\/\/collectifrennaispourlesanimaux.noblogs.org\/index.php?rest_route=\/wp\/v2\/pages"}],"about":[{"href":"https:\/\/collectifrennaispourlesanimaux.noblogs.org\/index.php?rest_route=\/wp\/v2\/types\/page"}],"author":[{"embeddable":true,"href":"https:\/\/collectifrennaispourlesanimaux.noblogs.org\/index.php?rest_route=\/wp\/v2\/users\/5150"}],"replies":[{"embeddable":true,"href":"https:\/\/collectifrennaispourlesanimaux.noblogs.org\/index.php?rest_route=%2Fwp%2Fv2%2Fcomments&post=654"}],"version-history":[{"count":5,"href":"https:\/\/collectifrennaispourlesanimaux.noblogs.org\/index.php?rest_route=\/wp\/v2\/pages\/654\/revisions"}],"predecessor-version":[{"id":659,"href":"https:\/\/collectifrennaispourlesanimaux.noblogs.org\/index.php?rest_route=\/wp\/v2\/pages\/654\/revisions\/659"}],"up":[{"embeddable":true,"href":"https:\/\/collectifrennaispourlesanimaux.noblogs.org\/index.php?rest_route=\/wp\/v2\/pages\/363"}],"wp:attachment":[{"href":"https:\/\/collectifrennaispourlesanimaux.noblogs.org\/index.php?rest_route=%2Fwp%2Fv2%2Fmedia&parent=654"}],"curies":[{"name":"wp","href":"https:\/\/api.w.org\/{rel}","templated":true}]}}