{"id":521,"date":"2013-05-09T10:46:56","date_gmt":"2013-05-09T08:46:56","guid":{"rendered":"http:\/\/collectifrennaispourlesanimaux.noblogs.org\/?page_id=521"},"modified":"2013-07-14T22:54:32","modified_gmt":"2013-07-14T20:54:32","slug":"sur-les-modes-dactions","status":"publish","type":"page","link":"https:\/\/collectifrennaispourlesanimaux.noblogs.org\/?page_id=521","title":{"rendered":"Sur les modes d&rsquo;actions"},"content":{"rendered":"<address>\n<address>Cette partie du site r\u00e9pertorie quelques r\u00e9flexions et modes d&rsquo;actions. Cette partie s\u2019adresse \u00e0 toute personne int\u00e9ress\u00e9e de connaitre divers modes d&rsquo;actions de gens qui veulent une meilleure situation pour les animaux et les humains. Il y a des modes d&rsquo;actions qui plaisent et d&rsquo;autres non.<\/address>\n<address><strong>Militer : pourquoi, comment\u00a0 ?<\/strong> [<a href=\"http:\/\/egalite.animale.free.fr\/militer.html\">http:\/\/egalite.animale.free.fr\/militer.html<\/a>] <em>Conseils de l\u2019asso ACTA Gironde<\/em><\/address>\n<\/address>\n<p>Militer c&rsquo;est s&rsquo;informer et informer autour de soi, via des stands,\u00a0d\u00e9bats et conception d&rsquo;affiches et tracts. Cela n\u00e9cessite parfois de mener des enqu\u00eates et de g\u00e9rer des documents. Aussi, les modes d&rsquo;actions peuvent \u00eatre d&rsquo;une grande diversit\u00e9 :<\/p>\n<ul>\n<li>le cin\u00e9ma e.g. les films Bold Native, Green, Earthlings&#8230;<\/li>\n<li>la musique e.g. <a href=\"http:\/\/www.youtube.com\/watch?v=F_EDBIdRah8\">Albino<\/a>, <a href=\"http:\/\/www.youtube.com\/watch?v=tioPbePwZu8\">Gather<\/a>, <a href=\"http:\/\/www.youtube.com\/watch?v=lXrEgAo_bjY\">XTrue NatureX<\/a>, <a href=\"http:\/\/www.youtube.com\/watch?v=aqOI6YbWJZU\">Gattaca<\/a>, <a href=\"http:\/\/www.youtube.com\/watch?v=igZdmwcoICY\">Goldfinger<\/a>, <a href=\"https:\/\/www.youtube.com\/watch?v=XN2FrUUq-zI\">Rise Against<\/a>, <a href=\"http:\/\/www.youtube.com\/watch?v=645zouRdkyE\">Olkan<\/a>, Veganesh&#8230;<\/li>\n<li>la litt\u00e9rature directement militante (tracts, analyses&#8230; ce blog montre de nombreux exemples) ou indirectement (romans)<\/li>\n<li>la peinture\/photographie e.g Isa Leshko \u00ab\u00a0<a href=\"http:\/\/isaleshko.com\/elderly-animals\/\">Eldery animals<\/a>\u00ab\u00a0<\/li>\n<li>la bande-dessin\u00e9 e.g. la bande d\u00e9ssin\u00e9 \u00ab\u00a0<a href=\"http:\/\/web.archive.org\/web\/20101028085545\/http:\/\/www.jtyost.com\/Comics\/Comics.htm\">Roadtrip<\/a>\u00a0\u00bb &#8211; dans le site en lien il s&rsquo;agit du dernier bloc de vignettes {thumbnails}<\/li>\n<li>et c\u00e6tera<\/li>\n<\/ul>\n<p>De nombreux moyens existent pour \u00e9voquer la condition des animaux, proposer une optique de vie (collective) qui prendrait en compte leur int\u00e9r\u00eats et de poser un d\u00e9bat de soci\u00e9t\u00e9. Aussi, des tables de presses et d\u00e9bats peuvent se greffer aux \u00e9v\u00e9nements publics.<\/p>\n<p>Autres exemples d&rsquo;initiatives importantes :<\/p>\n<p><strong>Food not Bomb <\/strong>[<a href=\"http:\/\/laterredabord.fr\/articles5\/fnb.html\">http:\/\/laterredabord.fr\/articles5\/fnb.html<\/a>] <em>Histoire et principes des collectifs Food Not Bomb (repas v\u00e9g\u00e9taliens \u00e0 prix libre).<\/em><\/p>\n<p><strong>Sanctuaires pour les animaux victimes de l&rsquo;exploitation animale<br \/>\n<\/strong>Espagne : [<a href=\"http:\/\/www.elhogardeluci.org\/english\/\">http:\/\/www.elhogardeluci.org\/english\/<\/a>]<br \/>\nEtats-Unis : [<a href=\"http:\/\/www.animalsanctuary.org\">http:\/\/www.animalsanctuary.org<\/a>]<\/p>\n<p>Aussi, avoir des r\u00e9flexions critiques sur le mouvement actuel et sa tournure ne fait pas de mal tant que \u00e7a reste constructif :<\/p>\n<p><strong>R\u00e9volution sociale et lib\u00e9ration animale <\/strong>[<a href=\"http:\/\/laterredabord.fr\/documents\/revolutionsociale.html\">http:\/\/laterredabord.fr\/documents\/revolutionsociale.html<\/a>] <em>La\u00a0 lutte pour la lib\u00e9ration animaux et la question de l\u2019unit\u00e9 des oppressions. Brian A. Dominick, Publi\u00e9 \u00e0 l\u2019origine comme tract par\u00a0 Critical Mess Media, 1995.<br \/>\n<\/em><\/p>\n<address>\n<address><strong>Diffuser le mode de vie v\u00e9gan : une critique <\/strong>[<a href=\"http:\/\/www.veggiepride.fr\/home\/documents\/reflexionsVP\/4-modeDeVie.html\">http:\/\/www.veggiepride.fr\/home\/documents\/reflexionsVP\/4-modeDeVie.html<\/a>] <em>Critique du v\u00e9ganisme comme style de vie consum\u00e9riste, et d\u00e9fense d\u2019une\u00a0 revendication citoyenne pour la fin de l\u2019exploitation animale, moins\u00a0 focalis\u00e9e sur la coh\u00e9rence dans les choix individuels. Par Antonella Corabi.<\/em><\/address>\n<address><strong>Pour l\u2019abolition de l\u2019esclavage,\u00a0pour l\u2019abolition\u00a0du v\u00e9ganisme<\/strong><strong> <\/strong>[<a href=\"http:\/\/insolente0veggie.over-blog.com\/article-pour-l-abolition-de-l-esclavage-pour-l-abolition-du-veganisme-118279044.html\">http:\/\/insolente0veggie.over-blog.com\/article-pour-l-abolition-de-l-esclavage-pour-l-abolition-du-veganisme-118279044.html<\/a>]{BD}<br \/>\n[<a href=\"http:\/\/abolitionduveganisme.blogspot.ch\/\">http:\/\/abolitionduveganisme.blogspot.ch\/<\/a>]{texte} Re-critique du v\u00e9ganisme en tant que mode de vie \u00e0 diffuser.<\/address>\n<address><strong>V\u00e9ganisme utopique et v\u00e9ganisme scientifique<\/strong><br \/>\n[<a href=\"http:\/\/laterredabord.fr\/?p=14498\">http:\/\/laterredabord.fr\/?p=14498<\/a>] Critique marxiste d\u2019un v\u00e9ganisme id\u00e9aliste.<\/address>\n<address>D&rsquo;autres modes d&rsquo;actions en Angleterre, plus controvers\u00e9es, car utilisant des formes de violences :<\/address>\n<address><strong>SHAC attack !<br \/>\n<\/strong>[<a href=\"http:\/\/infokiosques.net\/spip.php?article1037\">http:\/\/infokiosques.net\/spip.php?article1037<\/a>] Ce document d\u00e9crit comment la SHAC fait de lourdes pressions sur l&rsquo;entreprise HLS (dont destructions mat\u00e9rielles voire menace) pour faire arr\u00eater la vivisection. Cette organisation est par ailleurs class\u00e9e comme terroriste par de nombreux \u00e9tats.<\/address>\n<\/address>\n","protected":false},"excerpt":{"rendered":"<p>Cette partie du site r\u00e9pertorie quelques r\u00e9flexions et modes d&rsquo;actions. Cette partie s\u2019adresse \u00e0 toute personne int\u00e9ress\u00e9e de connaitre divers modes d&rsquo;actions de gens qui veulent une meilleure situation pour les animaux et les humains. Il y a des modes &hellip; <a href=\"https:\/\/collectifrennaispourlesanimaux.noblogs.org\/?page_id=521\">Continuer la lecture <span class=\"meta-nav\">&rarr;<\/span><\/a><\/p>\n","protected":false},"author":5150,"featured_media":0,"parent":257,"menu_order":5,"comment_status":"open","ping_status":"closed","template":"sidebar-page.php","meta":{"footnotes":""},"class_list":["post-521","page","type-page","status-publish","hentry"],"_links":{"self":[{"href":"https:\/\/collectifrennaispourlesanimaux.noblogs.org\/index.php?rest_route=\/wp\/v2\/pages\/521","targetHints":{"allow":["GET"]}}],"collection":[{"href":"https:\/\/collectifrennaispourlesanimaux.noblogs.org\/index.php?rest_route=\/wp\/v2\/pages"}],"about":[{"href":"https:\/\/collectifrennaispourlesanimaux.noblogs.org\/index.php?rest_route=\/wp\/v2\/types\/page"}],"author":[{"embeddable":true,"href":"https:\/\/collectifrennaispourlesanimaux.noblogs.org\/index.php?rest_route=\/wp\/v2\/users\/5150"}],"replies":[{"embeddable":true,"href":"https:\/\/collectifrennaispourlesanimaux.noblogs.org\/index.php?rest_route=%2Fwp%2Fv2%2Fcomments&post=521"}],"version-history":[{"count":17,"href":"https:\/\/collectifrennaispourlesanimaux.noblogs.org\/index.php?rest_route=\/wp\/v2\/pages\/521\/revisions"}],"predecessor-version":[{"id":527,"href":"https:\/\/collectifrennaispourlesanimaux.noblogs.org\/index.php?rest_route=\/wp\/v2\/pages\/521\/revisions\/527"}],"up":[{"embeddable":true,"href":"https:\/\/collectifrennaispourlesanimaux.noblogs.org\/index.php?rest_route=\/wp\/v2\/pages\/257"}],"wp:attachment":[{"href":"https:\/\/collectifrennaispourlesanimaux.noblogs.org\/index.php?rest_route=%2Fwp%2Fv2%2Fmedia&parent=521"}],"curies":[{"name":"wp","href":"https:\/\/api.w.org\/{rel}","templated":true}]}}