{"id":517,"date":"2013-05-09T10:35:33","date_gmt":"2013-05-09T08:35:33","guid":{"rendered":"http:\/\/collectifrennaispourlesanimaux.noblogs.org\/?page_id=517"},"modified":"2013-05-18T11:27:20","modified_gmt":"2013-05-18T09:27:20","slug":"sur-lantispecisme","status":"publish","type":"page","link":"https:\/\/collectifrennaispourlesanimaux.noblogs.org\/?page_id=517","title":{"rendered":"Sur l\u2019antisp\u00e9cisme (contre les oppressions fond\u00e9es sur l&rsquo;esp\u00e8ce)"},"content":{"rendered":"<address><strong>Site du r\u00e9seau antisp\u00e9ciste<\/strong> (li\u00e9 aux\u00a0<em>Cahiers Antisp\u00e9cistes<\/em>) [<a href=\"http:\/\/antispeciste.org\/\">http:\/\/antispeciste.org\/<\/a>]<\/address>\n<address><strong>Qu\u2019est-ce que le sp\u00e9cisme ?<\/strong> [<a href=\"http:\/\/www.cahiers-antispecistes.org\/spip.php?article42\" target=\"_blank\">http:\/\/www.cahiers-antispecistes.org\/spip.php?article42<\/a>]<br \/>\n<em> David Olivier. Cahiers Antisp\u00e9cistes N\u00b05 (d\u00e9c 1992)<\/em><\/address>\n<address><strong>Article Wikipedia \u201cAntisp\u00e9cisme\u201d<\/strong> [<a title=\"Article Wikipedia Antispecisme\" href=\"https:\/\/fr.wikipedia.org\/wiki\/Antisp%C3%A9cisme\">https:\/\/fr.wikipedia.org\/wiki\/Antisp%C3%A9cisme<\/a>]<\/address>\n<address><strong>AnTiSP\u00e9CiSmE \u2013 Contre le sp\u00e9cisme et pour l\u2019\u00e9galit\u00e9 animale\u2026 <\/strong>[<a title=\"Antispecisme (VeganTekno.org)\" href=\"http:\/\/vegantekno.free.fr\/antispe.html\">http:\/\/vegantekno.free.fr\/antispe.html<\/a>]<br \/>\n<em> Article \u201cantisp\u00e9cisme\u201d par le site VeganTekno (tracts et ressources)<\/em><\/address>\n<address><strong>Brochures antisp\u00e9cistes sur Infokiosques.net <\/strong>[<a title=\"Brochures antisp\u00e9cistes\" href=\"http:\/\/infokiosques.net\/antispecisme\">http:\/\/infokiosques.net\/antispecisme<\/a>]<\/address>\n<address><strong>\u00a0<\/strong><\/address>\n","protected":false},"excerpt":{"rendered":"<p>Site du r\u00e9seau antisp\u00e9ciste (li\u00e9 aux\u00a0Cahiers Antisp\u00e9cistes) [http:\/\/antispeciste.org\/] Qu\u2019est-ce que le sp\u00e9cisme ? [http:\/\/www.cahiers-antispecistes.org\/spip.php?article42] David Olivier. Cahiers Antisp\u00e9cistes N\u00b05 (d\u00e9c 1992) Article Wikipedia \u201cAntisp\u00e9cisme\u201d [https:\/\/fr.wikipedia.org\/wiki\/Antisp%C3%A9cisme] AnTiSP\u00e9CiSmE \u2013 Contre le sp\u00e9cisme et pour l\u2019\u00e9galit\u00e9 animale\u2026 [http:\/\/vegantekno.free.fr\/antispe.html] Article \u201cantisp\u00e9cisme\u201d par le site &hellip; <a href=\"https:\/\/collectifrennaispourlesanimaux.noblogs.org\/?page_id=517\">Continuer la lecture <span class=\"meta-nav\">&rarr;<\/span><\/a><\/p>\n","protected":false},"author":5150,"featured_media":0,"parent":257,"menu_order":3,"comment_status":"open","ping_status":"closed","template":"sidebar-page.php","meta":{"footnotes":""},"class_list":["post-517","page","type-page","status-publish","hentry"],"_links":{"self":[{"href":"https:\/\/collectifrennaispourlesanimaux.noblogs.org\/index.php?rest_route=\/wp\/v2\/pages\/517","targetHints":{"allow":["GET"]}}],"collection":[{"href":"https:\/\/collectifrennaispourlesanimaux.noblogs.org\/index.php?rest_route=\/wp\/v2\/pages"}],"about":[{"href":"https:\/\/collectifrennaispourlesanimaux.noblogs.org\/index.php?rest_route=\/wp\/v2\/types\/page"}],"author":[{"embeddable":true,"href":"https:\/\/collectifrennaispourlesanimaux.noblogs.org\/index.php?rest_route=\/wp\/v2\/users\/5150"}],"replies":[{"embeddable":true,"href":"https:\/\/collectifrennaispourlesanimaux.noblogs.org\/index.php?rest_route=%2Fwp%2Fv2%2Fcomments&post=517"}],"version-history":[{"count":7,"href":"https:\/\/collectifrennaispourlesanimaux.noblogs.org\/index.php?rest_route=\/wp\/v2\/pages\/517\/revisions"}],"predecessor-version":[{"id":616,"href":"https:\/\/collectifrennaispourlesanimaux.noblogs.org\/index.php?rest_route=\/wp\/v2\/pages\/517\/revisions\/616"}],"up":[{"embeddable":true,"href":"https:\/\/collectifrennaispourlesanimaux.noblogs.org\/index.php?rest_route=\/wp\/v2\/pages\/257"}],"wp:attachment":[{"href":"https:\/\/collectifrennaispourlesanimaux.noblogs.org\/index.php?rest_route=%2Fwp%2Fv2%2Fmedia&parent=517"}],"curies":[{"name":"wp","href":"https:\/\/api.w.org\/{rel}","templated":true}]}}