{"id":363,"date":"2013-03-30T23:58:14","date_gmt":"2013-03-30T22:58:14","guid":{"rendered":"http:\/\/collectifrennaispourlesanimaux.noblogs.org\/?page_id=363"},"modified":"2013-05-09T10:27:31","modified_gmt":"2013-05-09T08:27:31","slug":"en-pratique","status":"publish","type":"page","link":"https:\/\/collectifrennaispourlesanimaux.noblogs.org\/?page_id=363","title":{"rendered":"En pratique"},"content":{"rendered":"<p>Plan<\/p>\n<ol>\n<li><a href=\"https:\/\/collectifrennaispourlesanimaux.noblogs.org\/en-pratique\/#veganisme\">Le v\u00e9ganisme<\/a><\/li>\n<li><a href=\"https:\/\/collectifrennaispourlesanimaux.noblogs.org\/en-pratique\/#recipe\">Quelques recettes v\u00e9g\u00e9taliennes<\/a><\/li>\n<\/ol>\n<p><a id=\"veganisme\"><\/a>1. <strong>Le v\u00e9ganisme<\/strong><\/p>\n<p>Les \u00eatres-humains occidentaux n&rsquo;ont actuellement plus de probl\u00e8me de famine et les ressources alimentaires d&rsquo;origine v\u00e9g\u00e9tale suffisent \u00e0 nous nourrir. [<a href=\"https:\/\/collectifrennaispourlesanimaux.noblogs.org\/en-pratique\/#references\">1<\/a>] Il en est de m\u00eame pour s&rsquo;habiller [<a href=\"https:\/\/collectifrennaispourlesanimaux.noblogs.org\/en-pratique\/#references\">2<\/a>].<br \/>\nPar ailleurs, nous n&rsquo;ignorons pas que la consommation actuelle de produits d&rsquo;origines animales a des effets n\u00e9gatifs sur la sant\u00e9 humaine. Nous n&rsquo;ignorons pas non plus l&rsquo;impact\u00a0des industries agro-alimentaire, de l&rsquo;habillement, des animaux de compagnie, des cosm\u00e9tiques\u2026 sur l&rsquo;environnement (dans lequel les \u00eatres humains et les animaux des autres esp\u00e8ces cohabitent). Nous n&rsquo;ignorons pas que des \u00eatres humains sont opprim\u00e9s par d&rsquo;autres \u00eatres humains ou par un syst\u00e8me. Toutes ces choses sont graves.<\/p>\n<p>Mais ce que nous mettons en avant est ce qui nous para\u00eet fondamental : la reconnaissance pour chaque animal d&rsquo;une existence qui lui est propre, dans laquelle un \u00e9panouissement (pas celui qu&rsquo;on lui pr\u00eate par anthropomorphisme ou par commodit\u00e9, mais celui adapt\u00e9 \u00e0 ses besoins) existe.<\/p>\n<p>La d\u00e9marche culturelle que nous mettons en avant se d\u00e9crit simplement en quelques mots \u00ab refuser l&rsquo;oppression des animaux \u00bb. C&rsquo;est d&rsquo;abord refuser l&rsquo;assimilation des animaux \u00e0 des moyens de production et refuser l&rsquo;\u00e9levage : refuser de cautionner l&rsquo;exploitation animale dans l&rsquo;alimentation (viande, lait, \u0153ufs, miel, g\u00e9latine&#8230; cela s&rsquo;applique aussi aux cosm\u00e9tiques) ; dans l&rsquo;habillement (cuir, laine&#8230;) ; pour le loisir (cirques, zoo, \u00e9levages d&rsquo;animaux \u00ab\u00a0de compagnie\u00a0\u00bb, chasse&#8230;) ; ou pour la science (exp\u00e9rimentation animale). Il s&rsquo;agit aussi de refuser toute autre oppression des animaux (pi\u00e9geage, destructions des habitats&#8230;),\u00a0promouvoir des issues et lorsque la situation le permet, porter assistance aux animaux en d\u00e9tresse.<\/p>\n<p>Cette d\u00e9marche est souvent appel\u00e9e <em>veganism <\/em>[<a title=\"Article Wikipedia sur le veganisme, en Fran\u00e7ais, tr\u00e8s incomplet\" href=\"http:\/\/fr.wikipedia.org\/wiki\/V%C3%A9ganisme\">fr<\/a>][<a title=\"Article Wikipedia sur le veganisme, en Anglais, mieux fourni\" href=\"http:\/\/en.wikipedia.org\/wiki\/Veganism\">en<\/a>] \u00e0 travers le monde et est \u00e9troitement li\u00e9 au la lutte pour les droits des animaux [<a title=\"Article Wikipedia sur le droit des animaux, en Fran\u00e7ais\" href=\"http:\/\/fr.wikipedia.org\/wiki\/Droits_des_animaux\">fr<\/a>][<a title=\"Article Wikipedia sur le droit des animaux, en Anglais, mieux fourni\" href=\"http:\/\/en.wikipedia.org\/wiki\/Animal_rights\">en<\/a>]. Pour certains, il s&rsquo;agirait d&rsquo;une lutte prioritaire (car les animaux sont les individus les plus violemment opprim\u00e9s dans nos soci\u00e9t\u00e9s), pour d&rsquo;autres il s&rsquo;agirait d&rsquo;une lutte \u00e0 porter parmi d&rsquo;autres pour un projet de soci\u00e9t\u00e9 qui tenterait de respecter les int\u00e9r\u00eats de chacun. Comme d\u00e9crit pr\u00e9c\u00e9demment, cela implique une pratique alimentaire v\u00e9g\u00e9talienne. Sur cette page nous indiquons des id\u00e9es de recettes qui ne changent pas tant que \u00e7a de l&rsquo;ordinaire.<\/p>\n<p><span style=\"text-decoration: underline\"><a id=\"references\"><\/a>R\u00e9f\u00e9rences<\/span><\/p>\n<h5>[1] De nombreuses personnes en sont la preuve vivante, aussi si vous souhaitez en savoir plus, le site suivant explore la question nutritionniste en commencant par le fameux mythe des prot\u00e9ines <a href=\"http:\/\/www.vegetarismus.ch\/heft\/f2002-2\/proteines.htm\">http:\/\/www.vegetarismus.ch\/heft\/f2002-2\/proteines.htm<br \/>\n<\/a><\/p>\n<h5>[2] On constate que le coton et les mati\u00e8res synth\u00e9tiques sont les principaux composants de nos v\u00eatements. Pour certains v\u00eatements sp\u00e9cifiques, des mati\u00e8res similaires aux mati\u00e8res d&rsquo;origine animale peuvent \u00eatre synth\u00e9tis\u00e9s. Quelques indications dans le guide suivant qui aide \u00e0 d\u00e9terminer les produits\/mati\u00e8res d&rsquo;origine animale : <a href=\"http:\/\/veganrevolution.free.fr\/articles2\/vivrequotidien.html\">http:\/\/veganrevolution.free.fr\/articles2\/vivrequotidien.html<\/a><br \/>\n<\/h5>\n<p><a id=\"recipe\"><\/a>2. <strong>Alimentation \/ Recettes<\/strong><\/p>\n<p>Voici quelques recettes v\u00e9g\u00e9taliennes \u00e0 adapter \u00e0 vos go\u00fbts.\u00a0 Les plats suivants sont pr\u00e9vus pour \u00eatre mang\u00e9 froids.<\/p>\n<p>&nbsp;<\/p>\n<p><strong>Mousse de le\u0301gumineuses <\/strong>(pat\u00e9 v\u00e9g\u00e9tal)<\/p>\n<p>Ingr\u00e9dients :<\/p>\n<ul>\n<li>\u00a02\/3 de le\u0301gumineuses cuites, au choix : pois chiches, lentilles, haricots azukis, fe\u0300ves&#8230;<\/li>\n<\/ul>\n<ul>\n<li>\u00a01\/3 de fruits ole\u0301agineux, au choix : noix, amandes, noix de cajou&#8230;<\/li>\n<\/ul>\n<ul>\n<li>un filet d&rsquo;huile, au choix: huile d&rsquo;olive, huile de noix, huile de noisette&#8230;<\/li>\n<\/ul>\n<ul>\n<li>selon votre gou\u0302t : sauge, cumin, curry, citron, ail,&#8230;<\/li>\n<\/ul>\n<p>Mixez le tout, salez, poivrez ou pimentez, et disposez sur des tartines, des feuilles d&rsquo;endive, des navettes de carottes&#8230;<\/p>\n<p>&nbsp;<\/p>\n<p><strong>Brochettes croquantes<\/strong> (ou salade si le pic fait d\u00e9faut)<\/p>\n<ul>\n<li>selon vos envies avec les le\u0301gumes de saison : ce\u0301leri branche, carotte, chou blanc\/rouge, chou fleur, betterave crue, endives, radis, tomates cerises, poivrons&#8230;<\/li>\n<\/ul>\n<ul>\n<li>apportez une touche sucre ou parfume\u0301e : pommes, poires, kiwis, fraises, raisins, pruneaux, raisins secs, feuilles de menthe ou de coriandre&#8230;<\/li>\n<\/ul>\n<ul>\n<li>\u00a0sauce (facultatif) : cocktail (cre\u0300me d&rsquo;amande\/concentre\u0301 de tomate\/sucre\/sel) ou indienne (yaourt soja\/huile de colza\/curry\/sel)<\/li>\n<\/ul>\n<p>&nbsp;<\/p>\n<p><strong>Salade bretonne<\/strong><\/p>\n<p>Ingr\u00e9dients :<\/p>\n<ul>\n<li>\n<h5>petits l\u00e9gumes mac\u00e9r\u00e9s au vinaigre : petits oignons, sommite\u0301s de chou-fleurs\u2026 [marine\u0301s 24h en saumure (eau sal\u00e9), puis 4 semaines dans un bocal herme\u0301tique baigne\u0301s dans du vinaigre de pomme]<\/h5>\n<\/li>\n<li>\n<h5>tofu fum\u00e9<\/h5>\n<\/li>\n<li>\n<h5>cornichons<\/h5>\n<\/li>\n<li>\n<h5>oignons rouge (cru ou pre\u0301alablement confit dans de l&rsquo;huile d&rsquo;olive, des algues&#8230;)<\/h5>\n<\/li>\n<\/ul>\n<ul>\n<li>assaisonnement : huile de colza, vinaigre de cidre, ciboulette, sel, poivre<\/li>\n<\/ul>\n<p>De\u0301coupez en de\u0301s les pommes de terre et du tofu fume\u0301.<br \/>\nAjoutez les l\u00e9gumes mac\u00e9r\u00e9s, des rondelles de cornichons, des rondelles d&rsquo;oignon rouge. M\u00e9langez le tout et assaisonnez.<\/p>\n<p>&nbsp;<\/p>\n<p><strong>Cake sale\u0301<\/strong><\/p>\n<p>Ingr\u00e9dients :<\/p>\n<ul>\n<li>150 gr au choix de : poivrons tricolores, carottes, petits pois, olives vertes, tofu fume\u0301&#8230;<\/li>\n<li>200 gr d\u2019oignons e\u0301mince\u0301s<\/li>\n<li>250 gr de farine blanche de ble\u0301 T65<\/li>\n<li>45 gr fe\u0301cule de tapioca (mai\u0308s ou pomme de terre)<\/li>\n<li>40 gr de farine de mai\u0308s<\/li>\n<li>2 sachets de levure chimique<\/li>\n<li>1 cuille\u0300re a\u0300 cafe\u0301 de sel<\/li>\n<li>1 cuille\u0300re a\u0300 cafe\u0301 de sucre<\/li>\n<li>poivre selon les gou\u0302ts<\/li>\n<li>7cl d\u2019huile d\u2019olive + un peu pour cuire les le\u0301gumes<\/li>\n<li>2 pince\u0301es de piment<\/li>\n<li>35cl de lait de soja<\/li>\n<li>1 cuille\u0300re a\u0300 soupe de sauce de soja<\/li>\n<li>2 cuille\u0300res a\u0300 soupe de persil hache\u0301<\/li>\n<li>1 cuille\u0300re a\u0300 cafe\u0301 de paprika<\/li>\n<li>1 cuille\u0300re a\u0300 cafe\u0301 de curry doux<\/li>\n<li>3 grosses pince\u0301es de levure malte\u0301e<\/li>\n<\/ul>\n<p>Pre\u0301chauffer votre four th. 6\/7 (200\u00b0C).<br \/>\nCuire les oignons e\u0301mince\u0301s dans un fond d\u2019huile d\u2019olive et une fois bien fondus, ajoutez les poivrons taille\u0301s en de\u0301s (ou carottes) et cuire a\u0300 nouveau pour les faire bien dorer.Salez et poivrez, re\u0301servez (pas de pre\u0301-cuisson pour les olives, petits pois ou tofu fume\u0301)<br \/>\nMe\u0301langez tout les ingre\u0301dients secs ensemble, puis me\u0301langez les ingre\u0301dients humides ensemble (sauf le me\u0301lange \u00ab oignons poivron (ou carottes) \u00bb). Combinez les deux me\u0301langes (sec et humide) et ajouter le me\u0301lange \u00ab oignons poivron (ou carottes) \u00bb, bien me\u0301langer et verser dans un moule a\u0300 cake sans oublier d\u2019y mettre au pre\u0301alable une feuille de papier sulfurise\u0301.<br \/>\nEnfournez et laissez cuire 1h, ve\u0301rifiez a\u0300 la 45e\u0300me minute a\u0300 l\u2019aide de la pointe d\u2019un couteau. Laissez refroidir avant de trancher et de de\u0301guster.<\/p>\n<p>&nbsp;<\/p>\n<p><strong>Moelleux kiwi citron<\/strong><\/p>\n<p>Ingr\u00e9dients :<\/p>\n<ul>\n<li>100g de farine<\/li>\n<li>1\u20442 sachet de levure<\/li>\n<li>100g de sucre<\/li>\n<li>1 yaourt de soja<\/li>\n<li>3 cuillere\u0301es de substitut d\u2019\u0153uf ou fe\u0301cule de tapioca\/pdt\/mai\u0308s et pince\u0301e de bicarbonate de soude<\/li>\n<li>3 cuille\u0300res a\u0300 soupe d\u2019huile neutre type colza<\/li>\n<li>300g de kiwi (4)<\/li>\n<li>zestes de citron ou huile essentielle de citron<\/li>\n<li>cardamome poudre<\/li>\n<li>1 pince\u0301e de sel<\/li>\n<\/ul>\n<p>Me\u0301langez farine, levure, substitut d\u2019\u0153uf, pince\u0301e de cardamome, sel, sucre, puis le yaourt de soja et l&rsquo;huile. Ajoutez les kiwi pele\u0301s et de\u0301coupe\u0301s en cubes, les zestes ou une goutte d&rsquo;huile de citron.<br \/>\nVersez la pa\u0302te dans un moule en silicone ou recouvert d\u2019une feuille de papier cuisson et enfournez a\u0300 180 \u030aC pendant 45 mn environ.<\/p>\n<p>&nbsp;<\/p>\n<p>Beaucoup d&rsquo;autres recettes ve\u0301ge\u0301taliennes ici :<\/p>\n<p><a href=\"http:\/\/avis.free.fr\/livret_278_recettes.pdf\">http:\/\/avis.free.fr\/livret_278_recettes.pdf<\/a><\/p>\n<p><a href=\"http:\/\/vg-zone.net\/recettes\/\">http:\/\/vg-zone.net\/recettes\/<\/a><\/p>\n<p><a href=\"http:\/\/cuisinez-vegetalien.net\/\">http:\/\/cuisinez-vegetalien.net\/<\/a><\/p>\n<p><a href=\"http:\/\/veganvalkyrie.canalblog.com\/\">http:\/\/veganvalkyrie.canalblog.com\/<\/a><\/p>\n","protected":false},"excerpt":{"rendered":"<p>Plan Le v\u00e9ganisme Quelques recettes v\u00e9g\u00e9taliennes 1. Le v\u00e9ganisme Les \u00eatres-humains occidentaux n&rsquo;ont actuellement plus de probl\u00e8me de famine et les ressources alimentaires d&rsquo;origine v\u00e9g\u00e9tale suffisent \u00e0 nous nourrir. [1] Il en est de m\u00eame pour s&rsquo;habiller [2]. Par ailleurs, &hellip; <a href=\"https:\/\/collectifrennaispourlesanimaux.noblogs.org\/?page_id=363\">Continuer la lecture <span class=\"meta-nav\">&rarr;<\/span><\/a><\/p>\n","protected":false},"author":5150,"featured_media":0,"parent":0,"menu_order":4,"comment_status":"open","ping_status":"closed","template":"sidebar-page.php","meta":{"footnotes":""},"class_list":["post-363","page","type-page","status-publish","hentry"],"_links":{"self":[{"href":"https:\/\/collectifrennaispourlesanimaux.noblogs.org\/index.php?rest_route=\/wp\/v2\/pages\/363","targetHints":{"allow":["GET"]}}],"collection":[{"href":"https:\/\/collectifrennaispourlesanimaux.noblogs.org\/index.php?rest_route=\/wp\/v2\/pages"}],"about":[{"href":"https:\/\/collectifrennaispourlesanimaux.noblogs.org\/index.php?rest_route=\/wp\/v2\/types\/page"}],"author":[{"embeddable":true,"href":"https:\/\/collectifrennaispourlesanimaux.noblogs.org\/index.php?rest_route=\/wp\/v2\/users\/5150"}],"replies":[{"embeddable":true,"href":"https:\/\/collectifrennaispourlesanimaux.noblogs.org\/index.php?rest_route=%2Fwp%2Fv2%2Fcomments&post=363"}],"version-history":[{"count":37,"href":"https:\/\/collectifrennaispourlesanimaux.noblogs.org\/index.php?rest_route=\/wp\/v2\/pages\/363\/revisions"}],"predecessor-version":[{"id":506,"href":"https:\/\/collectifrennaispourlesanimaux.noblogs.org\/index.php?rest_route=\/wp\/v2\/pages\/363\/revisions\/506"}],"wp:attachment":[{"href":"https:\/\/collectifrennaispourlesanimaux.noblogs.org\/index.php?rest_route=%2Fwp%2Fv2%2Fmedia&parent=363"}],"curies":[{"name":"wp","href":"https:\/\/api.w.org\/{rel}","templated":true}]}}