{"id":257,"date":"2012-07-11T03:04:52","date_gmt":"2012-07-11T01:04:52","guid":{"rendered":"http:\/\/collectifrennaispourlesanimaux.noblogs.org\/?page_id=257"},"modified":"2013-05-17T01:03:52","modified_gmt":"2013-05-16T23:03:52","slug":"lectures","status":"publish","type":"page","link":"https:\/\/collectifrennaispourlesanimaux.noblogs.org\/?page_id=257","title":{"rendered":"Lectures"},"content":{"rendered":"<p>Dans le menu &lsquo;Lectures&rsquo;, vous pouvez d\u00e9couvrir les th\u00e8mes ci-dessous :<\/p>\n<ul>\n<li><a title=\"Parler des animaux\" href=\"https:\/\/collectifrennaispourlesanimaux.noblogs.org\/?page_id=529\">Parler des animaux<\/a> : des r\u00e9flexions sur comment parler de la cause animale pour que cela soit entendu<\/li>\n<li><a title=\"Refus syst\u00e9matique des produits issus de l\u2019exploitation des animaux\" href=\"https:\/\/collectifrennaispourlesanimaux.noblogs.org\/?page_id=509\">Refus syst\u00e9matique des produits issus de l\u2019exploitation des animaux<\/a> : guides et r\u00e9flexions sur le veganisme<\/li>\n<li><a title=\"Sur l\u2019industrie agro-alimentaire\" href=\"https:\/\/collectifrennaispourlesanimaux.noblogs.org\/?page_id=514\">Sur l&rsquo;industrie agro-alimentaire<\/a> (non exhaustif) : un tout petit panorama de l\u2019industrie de l&rsquo;exploitation animale et agro-alimentaire<\/li>\n<li><a title=\"Sur l\u2019antisp\u00e9cisme (contre les oppressions fond\u00e9es sur l\u2019esp\u00e8ce)\" href=\"https:\/\/collectifrennaispourlesanimaux.noblogs.org\/?page_id=517\">Sur l\u2019antisp\u00e9cisme<\/a>, contre les oppressions fond\u00e9es sur l&rsquo;esp\u00e8ce : quelques documents pr\u00e9sentant la revendication et le mouvement antisp\u00e9ciste<\/li>\n<li><a title=\"Sur les modes d\u2019actions\" href=\"https:\/\/collectifrennaispourlesanimaux.noblogs.org\/?page_id=521\">Sur les modes d\u2019actions<\/a> : des id\u00e9es et des r\u00e9flexions sur la mani\u00e8re de militer<\/li>\n<\/ul>\n","protected":false},"excerpt":{"rendered":"<p>Dans le menu &lsquo;Lectures&rsquo;, vous pouvez d\u00e9couvrir les th\u00e8mes ci-dessous : Parler des animaux : des r\u00e9flexions sur comment parler de la cause animale pour que cela soit entendu Refus syst\u00e9matique des produits issus de l\u2019exploitation des animaux : guides &hellip; <a href=\"https:\/\/collectifrennaispourlesanimaux.noblogs.org\/?page_id=257\">Continuer la lecture <span class=\"meta-nav\">&rarr;<\/span><\/a><\/p>\n","protected":false},"author":5150,"featured_media":0,"parent":0,"menu_order":0,"comment_status":"open","ping_status":"closed","template":"sidebar-page.php","meta":{"footnotes":""},"class_list":["post-257","page","type-page","status-publish","hentry"],"_links":{"self":[{"href":"https:\/\/collectifrennaispourlesanimaux.noblogs.org\/index.php?rest_route=\/wp\/v2\/pages\/257","targetHints":{"allow":["GET"]}}],"collection":[{"href":"https:\/\/collectifrennaispourlesanimaux.noblogs.org\/index.php?rest_route=\/wp\/v2\/pages"}],"about":[{"href":"https:\/\/collectifrennaispourlesanimaux.noblogs.org\/index.php?rest_route=\/wp\/v2\/types\/page"}],"author":[{"embeddable":true,"href":"https:\/\/collectifrennaispourlesanimaux.noblogs.org\/index.php?rest_route=\/wp\/v2\/users\/5150"}],"replies":[{"embeddable":true,"href":"https:\/\/collectifrennaispourlesanimaux.noblogs.org\/index.php?rest_route=%2Fwp%2Fv2%2Fcomments&post=257"}],"version-history":[{"count":17,"href":"https:\/\/collectifrennaispourlesanimaux.noblogs.org\/index.php?rest_route=\/wp\/v2\/pages\/257\/revisions"}],"predecessor-version":[{"id":281,"href":"https:\/\/collectifrennaispourlesanimaux.noblogs.org\/index.php?rest_route=\/wp\/v2\/pages\/257\/revisions\/281"}],"wp:attachment":[{"href":"https:\/\/collectifrennaispourlesanimaux.noblogs.org\/index.php?rest_route=%2Fwp%2Fv2%2Fmedia&parent=257"}],"curies":[{"name":"wp","href":"https:\/\/api.w.org\/{rel}","templated":true}]}}